{"id":5668,"date":"2026-03-09T15:48:20","date_gmt":"2026-03-09T18:48:20","guid":{"rendered":"https:\/\/enterdigitalschool.com.ar\/cursos\/?post_type=product&#038;p=5668"},"modified":"2026-04-21T08:55:02","modified_gmt":"2026-04-21T11:55:02","slug":"entrenamiento-estrategico-en-comunicacion-de-gestion-abril-2026","status":"publish","type":"product","link":"https:\/\/enterdigitalschool.com.ar\/cursos\/producto\/entrenamiento-estrategico-en-comunicacion-de-gestion-abril-2026\/","title":{"rendered":"Entrenamiento estrat\u00e9gico en Comunicaci\u00f3n de Gesti\u00f3n | Abril 2026"},"content":{"rendered":"<h2><span class=\"text-deep-pink alt-font margin-10px-bottom d-inline-block text-medium\" style=\"color: #ff214f;\">Comunicaci\u00f3n Pol\u00edtica Digital<\/span><\/h2>\n<h5 class=\"alt-font text-dark-gray\">La evoluci\u00f3n en la comunicaci\u00f3n y sus herramientas vienen cambiando la manera de hacer pol\u00edtica. La irrupci\u00f3n de los medios digitales modific\u00f3 la relaci\u00f3n, el v\u00ednculo y la conversaci\u00f3n entre los pol\u00edticos, los ciudadanos y los medios de comunicaci\u00f3n.<\/h5>\n<h5>Este programa se ha dise\u00f1ado con el objetivo de poder comprender el potencial que tienen las herramientas y los canales digitales y su influencia en la sociedad.<\/h5>\n<div class=\"sharing-default-minimal post-bottom\"><div class=\"nectar-social default\" data-position=\"\" data-rm-love=\"0\" data-color-override=\"override\"><div class=\"nectar-social-inner\"><a href=\"#\" class=\"nectar-love\" id=\"nectar-love-5668\" title=\"Love this\"> <i class=\"icon-salient-heart-2\"><\/i><span class=\"love-text\">Love<\/span><span class=\"total_loves\"><span class=\"nectar-love-count\">0<\/span><\/span><\/a><a class='facebook-share nectar-sharing' href='#' title='Share this'> <i class='fa fa-facebook'><\/i> <span class='social-text'>Share<\/span> <\/a><a class='linkedin-share nectar-sharing' href='#' title='Share this'> <i class='fa fa-linkedin'><\/i> <span class='social-text'>Share<\/span> <\/a><\/div><\/div><\/div>","protected":false},"excerpt":{"rendered":"<h3><span style=\"color: #ff214f;\"><strong>PRECIO CURSO ONLINE 2024<\/strong><\/span><\/h3>\n<p>13 clases &#8211; Online en vivo<\/p>\n<p><strong>Lunes y Mi\u00e9rcoles de 19 a 20.30 h<\/strong><\/p>\n<p>Comienza el Lunes 1 de Abril 2024<\/p>\n<p>Certificado de Curso Completado<\/p>\n<p>Cupo m\u00ednimo de 6 personas<\/p>\n","protected":false},"featured_media":5669,"template":"","meta":[],"product_brand":[],"product_cat":[24],"product_tag":[44,41,45],"class_list":{"0":"post-5668","1":"product","2":"type-product","3":"status-publish","4":"has-post-thumbnail","6":"product_cat-comunicacion-politica-digital","7":"product_tag-comunicacion","8":"product_tag-marketing","9":"product_tag-politica","11":"first","12":"instock","13":"downloadable","14":"virtual","15":"sold-individually","16":"purchasable","17":"product-type-simple"},"_links":{"self":[{"href":"https:\/\/enterdigitalschool.com.ar\/cursos\/wp-json\/wp\/v2\/product\/5668","targetHints":{"allow":["GET"]}}],"collection":[{"href":"https:\/\/enterdigitalschool.com.ar\/cursos\/wp-json\/wp\/v2\/product"}],"about":[{"href":"https:\/\/enterdigitalschool.com.ar\/cursos\/wp-json\/wp\/v2\/types\/product"}],"wp:featuredmedia":[{"embeddable":true,"href":"https:\/\/enterdigitalschool.com.ar\/cursos\/wp-json\/wp\/v2\/media\/5669"}],"wp:attachment":[{"href":"https:\/\/enterdigitalschool.com.ar\/cursos\/wp-json\/wp\/v2\/media?parent=5668"}],"wp:term":[{"taxonomy":"product_brand","embeddable":true,"href":"https:\/\/enterdigitalschool.com.ar\/cursos\/wp-json\/wp\/v2\/product_brand?post=5668"},{"taxonomy":"product_cat","embeddable":true,"href":"https:\/\/enterdigitalschool.com.ar\/cursos\/wp-json\/wp\/v2\/product_cat?post=5668"},{"taxonomy":"product_tag","embeddable":true,"href":"https:\/\/enterdigitalschool.com.ar\/cursos\/wp-json\/wp\/v2\/product_tag?post=5668"}],"curies":[{"name":"wp","href":"https:\/\/api.w.org\/{rel}","templated":true}]}}