{"id":5494,"date":"2025-12-18T12:37:12","date_gmt":"2025-12-18T15:37:12","guid":{"rendered":"https:\/\/enterdigitalschool.com.ar\/cursos\/?post_type=product&#038;p=5494"},"modified":"2026-03-05T18:40:50","modified_gmt":"2026-03-05T21:40:50","slug":"diseno-grafico-para-politica-en-redes-sociales","status":"publish","type":"product","link":"https:\/\/enterdigitalschool.com.ar\/cursos\/producto\/diseno-grafico-para-politica-en-redes-sociales\/","title":{"rendered":"Dise\u00f1o Gr\u00e1fico para Redes en Pol\u00edtica"},"content":{"rendered":"<div class=\"sharing-default-minimal post-bottom\"><div class=\"nectar-social default\" data-position=\"\" data-rm-love=\"0\" data-color-override=\"override\"><div class=\"nectar-social-inner\"><a href=\"#\" class=\"nectar-love\" id=\"nectar-love-5494\" title=\"Love this\"> <i class=\"icon-salient-heart-2\"><\/i><span class=\"love-text\">Love<\/span><span class=\"total_loves\"><span class=\"nectar-love-count\">0<\/span><\/span><\/a><a class='facebook-share nectar-sharing' href='#' title='Share this'> <i class='fa fa-facebook'><\/i> <span class='social-text'>Share<\/span> <\/a><a class='linkedin-share nectar-sharing' href='#' title='Share this'> <i class='fa fa-linkedin'><\/i> <span class='social-text'>Share<\/span> <\/a><\/div><\/div><\/div>","protected":false},"excerpt":{"rendered":"<p>Love0 Share Share<\/p>\n","protected":false},"featured_media":5495,"template":"","meta":[],"product_brand":[],"product_cat":[18,26],"product_tag":[111,112,45,21],"class_list":{"0":"post-5494","1":"product","2":"type-product","3":"status-publish","4":"has-post-thumbnail","6":"product_cat-creatividad","7":"product_cat-diseno-para-redes-sociales-creatividad","8":"product_tag-diseno","9":"product_tag-grafico","10":"product_tag-politica","11":"product_tag-redes-sociales","13":"first","14":"instock","15":"downloadable","16":"virtual","17":"sold-individually","18":"taxable","19":"purchasable","20":"product-type-simple"},"_links":{"self":[{"href":"https:\/\/enterdigitalschool.com.ar\/cursos\/wp-json\/wp\/v2\/product\/5494","targetHints":{"allow":["GET"]}}],"collection":[{"href":"https:\/\/enterdigitalschool.com.ar\/cursos\/wp-json\/wp\/v2\/product"}],"about":[{"href":"https:\/\/enterdigitalschool.com.ar\/cursos\/wp-json\/wp\/v2\/types\/product"}],"wp:featuredmedia":[{"embeddable":true,"href":"https:\/\/enterdigitalschool.com.ar\/cursos\/wp-json\/wp\/v2\/media\/5495"}],"wp:attachment":[{"href":"https:\/\/enterdigitalschool.com.ar\/cursos\/wp-json\/wp\/v2\/media?parent=5494"}],"wp:term":[{"taxonomy":"product_brand","embeddable":true,"href":"https:\/\/enterdigitalschool.com.ar\/cursos\/wp-json\/wp\/v2\/product_brand?post=5494"},{"taxonomy":"product_cat","embeddable":true,"href":"https:\/\/enterdigitalschool.com.ar\/cursos\/wp-json\/wp\/v2\/product_cat?post=5494"},{"taxonomy":"product_tag","embeddable":true,"href":"https:\/\/enterdigitalschool.com.ar\/cursos\/wp-json\/wp\/v2\/product_tag?post=5494"}],"curies":[{"name":"wp","href":"https:\/\/api.w.org\/{rel}","templated":true}]}}