{"id":48,"date":"2021-01-09T14:16:33","date_gmt":"2021-01-09T14:16:33","guid":{"rendered":"https:\/\/enterdigitalschool.com.ar\/cursos\/?post_type=product&#038;p=48"},"modified":"2021-12-01T10:47:17","modified_gmt":"2021-12-01T13:47:17","slug":"diseno-grafico-para-redes-sociales","status":"publish","type":"product","link":"https:\/\/enterdigitalschool.com.ar\/cursos\/producto\/diseno-grafico-para-redes-sociales\/","title":{"rendered":"Dise\u00f1o Gr\u00e1fico para Redes Sociales"},"content":{"rendered":"<div><\/div>\n<div>\n<h2><span style=\"color: #ff214f;\"><strong><span class=\"text-deep-pink alt-font margin-10px-bottom d-inline-block text-medium\">Dise\u00f1o Gr\u00e1fico para Redes Sociales<\/span><\/strong><\/span><\/h2>\n<h6 class=\"alt-font text-dark-gray\">Hoy m\u00e1s que nunca el dise\u00f1o gr\u00e1fico tiene una importancia determinante en el posicionamiento de las marcas. La comunicaci\u00f3n visual tiene un rol fundamental en la competencia por destacarse y diferenciarse en el entorno con un mensaje \u00fanico y de gran impacto.<\/h6>\n<p>El dise\u00f1o gr\u00e1fico en los medios digitales tiene caracter\u00edsticas particulares definidas por la forma de consumo de los usuarios y las tecnolog\u00edas que funcionan como veh\u00edculo de los mensajes.<\/p>\n<\/div>\n<div class=\"sharing-default-minimal post-bottom\"><div class=\"nectar-social default\" data-position=\"\" data-rm-love=\"0\" data-color-override=\"override\"><div class=\"nectar-social-inner\"><a href=\"#\" class=\"nectar-love\" id=\"nectar-love-48\" title=\"Love this\"> <i class=\"icon-salient-heart-2\"><\/i><span class=\"love-text\">Love<\/span><span class=\"total_loves\"><span class=\"nectar-love-count\">0<\/span><\/span><\/a><a class='facebook-share nectar-sharing' href='#' title='Share this'> <i class='fa fa-facebook'><\/i> <span class='social-text'>Share<\/span> <\/a><a class='linkedin-share nectar-sharing' href='#' title='Share this'> <i class='fa fa-linkedin'><\/i> <span class='social-text'>Share<\/span> <\/a><\/div><\/div><\/div>","protected":false},"excerpt":{"rendered":"<h3 class=\"bg-purple padding-10px-tb alt-font text-white-2 font-weight-600 text-uppercase rounded-top\"><span style=\"color: #ff214f;\"><strong>PRECIO CURSO ONLINE 2021<\/strong><\/span><\/h3>\n<div><\/div>\n<div class=\"bg-light-gray padding-25px-all\">\n<div class=\"text-extra-small margin-5px-top\">* Precio curso online sin descuento<\/div>\n<\/div>\n<div class=\"padding-20px-all pricing-features md-padding-20px-all sm-padding-30px-all\">\n<p>12 clases &#8211; Online en vivo<\/p>\n<p><strong>Lunes y Jueves de 19 a 20.30 h<\/strong><\/p>\n<p>Comienza el Lunes 1 de Febrero 2021<\/p>\n<p>Certificado de Curso Completado<\/p>\n<p>Cupo m\u00ednimo de 6 personas<\/p>\n<\/div>\n","protected":false},"featured_media":49,"template":"","meta":[],"product_brand":[],"product_cat":[26],"product_tag":[27,21],"class_list":{"0":"post-48","1":"product","2":"type-product","3":"status-publish","4":"has-post-thumbnail","6":"product_cat-diseno-para-redes-sociales-creatividad","7":"product_tag-diseno-grafico","8":"product_tag-redes-sociales","10":"first","11":"instock","12":"downloadable","13":"virtual","14":"taxable","15":"purchasable","16":"product-type-simple"},"_links":{"self":[{"href":"https:\/\/enterdigitalschool.com.ar\/cursos\/wp-json\/wp\/v2\/product\/48","targetHints":{"allow":["GET"]}}],"collection":[{"href":"https:\/\/enterdigitalschool.com.ar\/cursos\/wp-json\/wp\/v2\/product"}],"about":[{"href":"https:\/\/enterdigitalschool.com.ar\/cursos\/wp-json\/wp\/v2\/types\/product"}],"wp:featuredmedia":[{"embeddable":true,"href":"https:\/\/enterdigitalschool.com.ar\/cursos\/wp-json\/wp\/v2\/media\/49"}],"wp:attachment":[{"href":"https:\/\/enterdigitalschool.com.ar\/cursos\/wp-json\/wp\/v2\/media?parent=48"}],"wp:term":[{"taxonomy":"product_brand","embeddable":true,"href":"https:\/\/enterdigitalschool.com.ar\/cursos\/wp-json\/wp\/v2\/product_brand?post=48"},{"taxonomy":"product_cat","embeddable":true,"href":"https:\/\/enterdigitalschool.com.ar\/cursos\/wp-json\/wp\/v2\/product_cat?post=48"},{"taxonomy":"product_tag","embeddable":true,"href":"https:\/\/enterdigitalschool.com.ar\/cursos\/wp-json\/wp\/v2\/product_tag?post=48"}],"curies":[{"name":"wp","href":"https:\/\/api.w.org\/{rel}","templated":true}]}}