{"id":320,"date":"2021-06-30T11:27:58","date_gmt":"2021-06-30T14:27:58","guid":{"rendered":"https:\/\/enterdigitalschool.com.ar\/cursos\/?post_type=product&#038;p=320"},"modified":"2022-01-02T10:47:17","modified_gmt":"2022-01-02T13:47:17","slug":"introduccion-a-animacion-en-after-effects-ciclo-octubre-2021","status":"publish","type":"product","link":"https:\/\/enterdigitalschool.com.ar\/cursos\/producto\/introduccion-a-animacion-en-after-effects-ciclo-octubre-2021\/","title":{"rendered":"Introducci\u00f3n a Animaci\u00f3n en After Effects | Ciclo: Octubre 2021"},"content":{"rendered":"<h3><span class=\"text-deep-pink alt-font margin-10px-bottom d-inline-block text-medium\" style=\"color: #ff214f;\"><img loading=\"lazy\" decoding=\"async\" class=\"border-radius-6 w-100 alignleft\" src=\"https:\/\/enterdigitalschool.com.ar\/images\/ilustracion_cursos-intro-community-manager.png\" alt=\"Ilustraci\u00f3n Curso Introducci\u00f3n a Community Manager\" width=\"301\" height=\"268\" data-no-retina=\"\" \/>Introducci\u00f3n a Animaci\u00f3n en After Effects<\/span><\/h3>\n<p class=\"alt-font text-dark-gray\">Hay muchos factores a tener en cuenta cuando llev\u00e1s adelante tu propio negocio. A veces las plataformas digitales quedan en un segundo plano. Pero en el contexto actual, las redes son un pilar clave para la comunicaci\u00f3n. \u00a1Tu negocio no puede quedarse afuera!<\/p>\n<div class=\"sharing-default-minimal post-bottom\"><div class=\"nectar-social default\" data-position=\"\" data-rm-love=\"0\" data-color-override=\"override\"><div class=\"nectar-social-inner\"><a href=\"#\" class=\"nectar-love\" id=\"nectar-love-320\" title=\"Love this\"> <i class=\"icon-salient-heart-2\"><\/i><span class=\"love-text\">Love<\/span><span class=\"total_loves\"><span class=\"nectar-love-count\">0<\/span><\/span><\/a><a class='facebook-share nectar-sharing' href='#' title='Share this'> <i class='fa fa-facebook'><\/i> <span class='social-text'>Share<\/span> <\/a><a class='linkedin-share nectar-sharing' href='#' title='Share this'> <i class='fa fa-linkedin'><\/i> <span class='social-text'>Share<\/span> <\/a><\/div><\/div><\/div>","protected":false},"excerpt":{"rendered":"<p>Aprend\u00e9 a crear, gestionar y moderar tu comunidad virtual. Conoc\u00e9 c\u00f3mo dise\u00f1ar estrategias de Marketing Digital e implementarlas para ayudarte a cumplir tus objetivos.<\/p>\n","protected":false},"featured_media":318,"template":"","meta":[],"product_brand":[],"product_cat":[55],"product_tag":[21],"class_list":{"0":"post-320","1":"product","2":"type-product","3":"status-publish","4":"has-post-thumbnail","6":"product_cat-animacion-en-after-effects","7":"product_tag-redes-sociales","9":"first","10":"instock","11":"downloadable","12":"virtual","13":"taxable","14":"purchasable","15":"product-type-simple"},"_links":{"self":[{"href":"https:\/\/enterdigitalschool.com.ar\/cursos\/wp-json\/wp\/v2\/product\/320","targetHints":{"allow":["GET"]}}],"collection":[{"href":"https:\/\/enterdigitalschool.com.ar\/cursos\/wp-json\/wp\/v2\/product"}],"about":[{"href":"https:\/\/enterdigitalschool.com.ar\/cursos\/wp-json\/wp\/v2\/types\/product"}],"wp:featuredmedia":[{"embeddable":true,"href":"https:\/\/enterdigitalschool.com.ar\/cursos\/wp-json\/wp\/v2\/media\/318"}],"wp:attachment":[{"href":"https:\/\/enterdigitalschool.com.ar\/cursos\/wp-json\/wp\/v2\/media?parent=320"}],"wp:term":[{"taxonomy":"product_brand","embeddable":true,"href":"https:\/\/enterdigitalschool.com.ar\/cursos\/wp-json\/wp\/v2\/product_brand?post=320"},{"taxonomy":"product_cat","embeddable":true,"href":"https:\/\/enterdigitalschool.com.ar\/cursos\/wp-json\/wp\/v2\/product_cat?post=320"},{"taxonomy":"product_tag","embeddable":true,"href":"https:\/\/enterdigitalschool.com.ar\/cursos\/wp-json\/wp\/v2\/product_tag?post=320"}],"curies":[{"name":"wp","href":"https:\/\/api.w.org\/{rel}","templated":true}]}}