{"id":303,"date":"2021-06-04T21:07:57","date_gmt":"2021-06-05T00:07:57","guid":{"rendered":"https:\/\/enterdigitalschool.com.ar\/cursos\/?post_type=product&#038;p=303"},"modified":"2021-07-05T20:07:09","modified_gmt":"2021-07-05T23:07:09","slug":"facebook-ads-desde-cero","status":"publish","type":"product","link":"https:\/\/enterdigitalschool.com.ar\/cursos\/producto\/facebook-ads-desde-cero\/","title":{"rendered":"Facebook Ads desde Cero | Ciclo: Septiembre 2021"},"content":{"rendered":"<h2><span style=\"color: #ff214f;\"><strong><span class=\"text-deep-pink alt-font margin-10px-bottom d-inline-block text-medium\">Facebook Ads desde cero<\/span><\/strong><\/span><\/h2>\n<p class=\"alt-font text-dark-gray\">\u00bfTe gustar\u00eda darle un impulso a tu negocio en el mundo digital? Hoy en d\u00eda la presencia en el mundo digital es, dir\u00edamos, casi tan relevante como tu presencia f\u00edsica en el mercado. Por otro lado, si tu negocio es 100% online, vamos a decir que no hay mucho m\u00e1s que decir.<\/p>\n<p>Aprend\u00e9 a gestionar la mayor plataforma de promoci\u00f3n de anuncios donde millones de personas realizan b\u00fasquedas d\u00eda a dia.<\/p>\n<p>&nbsp;<\/p>\n<div class=\"sharing-default-minimal post-bottom\"><div class=\"nectar-social default\" data-position=\"\" data-rm-love=\"0\" data-color-override=\"override\"><div class=\"nectar-social-inner\"><a href=\"#\" class=\"nectar-love\" id=\"nectar-love-303\" title=\"Love this\"> <i class=\"icon-salient-heart-2\"><\/i><span class=\"love-text\">Love<\/span><span class=\"total_loves\"><span class=\"nectar-love-count\">0<\/span><\/span><\/a><a class='facebook-share nectar-sharing' href='#' title='Share this'> <i class='fa fa-facebook'><\/i> <span class='social-text'>Share<\/span> <\/a><a class='linkedin-share nectar-sharing' href='#' title='Share this'> <i class='fa fa-linkedin'><\/i> <span class='social-text'>Share<\/span> <\/a><\/div><\/div><\/div>","protected":false},"excerpt":{"rendered":"<h3><span style=\"color: #ff214f;\">PRECIO CURSO ONLINE 2021<\/span><\/h3>\n<p>8 clases &#8211; Online en vivo<\/p>\n<p><strong>Lunes y Jueves de 19 a 20 h<\/strong><\/p>\n<p>Comienza el Lunes 1 de Febrero 2021<\/p>\n<p>Certificado de Curso Completado<\/p>\n<p>Cupo m\u00ednimo de 6 personas<\/p>\n","protected":false},"featured_media":304,"template":"","meta":[],"product_brand":[],"product_cat":[53],"product_tag":[23],"class_list":{"0":"post-303","1":"product","2":"type-product","3":"status-publish","4":"has-post-thumbnail","6":"product_cat-facebook-ads-desde-cero","7":"product_tag-ads","9":"first","10":"instock","11":"taxable","12":"shipping-taxable","13":"purchasable","14":"product-type-simple"},"_links":{"self":[{"href":"https:\/\/enterdigitalschool.com.ar\/cursos\/wp-json\/wp\/v2\/product\/303","targetHints":{"allow":["GET"]}}],"collection":[{"href":"https:\/\/enterdigitalschool.com.ar\/cursos\/wp-json\/wp\/v2\/product"}],"about":[{"href":"https:\/\/enterdigitalschool.com.ar\/cursos\/wp-json\/wp\/v2\/types\/product"}],"wp:featuredmedia":[{"embeddable":true,"href":"https:\/\/enterdigitalschool.com.ar\/cursos\/wp-json\/wp\/v2\/media\/304"}],"wp:attachment":[{"href":"https:\/\/enterdigitalschool.com.ar\/cursos\/wp-json\/wp\/v2\/media?parent=303"}],"wp:term":[{"taxonomy":"product_brand","embeddable":true,"href":"https:\/\/enterdigitalschool.com.ar\/cursos\/wp-json\/wp\/v2\/product_brand?post=303"},{"taxonomy":"product_cat","embeddable":true,"href":"https:\/\/enterdigitalschool.com.ar\/cursos\/wp-json\/wp\/v2\/product_cat?post=303"},{"taxonomy":"product_tag","embeddable":true,"href":"https:\/\/enterdigitalschool.com.ar\/cursos\/wp-json\/wp\/v2\/product_tag?post=303"}],"curies":[{"name":"wp","href":"https:\/\/api.w.org\/{rel}","templated":true}]}}