{"id":236,"date":"2021-03-22T13:54:32","date_gmt":"2021-03-22T16:54:32","guid":{"rendered":"https:\/\/enterdigitalschool.com.ar\/cursos\/?post_type=product&#038;p=236"},"modified":"2021-05-03T21:22:48","modified_gmt":"2021-05-04T00:22:48","slug":"branding-tomando-mate","status":"publish","type":"product","link":"https:\/\/enterdigitalschool.com.ar\/cursos\/producto\/branding-tomando-mate\/","title":{"rendered":"Branding Tomando Mate | Ciclo: Junio 2021"},"content":{"rendered":"<p>[vc_row type=\u00bbin_container\u00bb full_screen_row_position=\u00bbmiddle\u00bb column_margin=\u00bbdefault\u00bb column_direction=\u00bbdefault\u00bb column_direction_tablet=\u00bbdefault\u00bb column_direction_phone=\u00bbdefault\u00bb scene_position=\u00bbcenter\u00bb text_color=\u00bbdark\u00bb text_align=\u00bbleft\u00bb row_border_radius=\u00bbnone\u00bb row_border_radius_applies=\u00bbbg\u00bb overlay_strength=\u00bb0.3&#8243; gradient_direction=\u00bbleft_to_right\u00bb shape_divider_position=\u00bbbottom\u00bb bg_image_animation=\u00bbnone\u00bb][vc_column column_padding=\u00bbno-extra-padding\u00bb column_padding_tablet=\u00bbinherit\u00bb column_padding_phone=\u00bbinherit\u00bb column_padding_position=\u00bball\u00bb background_color_opacity=\u00bb1&#8243; background_hover_color_opacity=\u00bb1&#8243; column_shadow=\u00bbnone\u00bb column_border_radius=\u00bbnone\u00bb column_link_target=\u00bb_self\u00bb gradient_direction=\u00bbleft_to_right\u00bb overlay_strength=\u00bb0.3&#8243; width=\u00bb1\/1&#8243; tablet_width_inherit=\u00bbdefault\u00bb tablet_text_alignment=\u00bbdefault\u00bb phone_text_alignment=\u00bbdefault\u00bb column_border_width=\u00bbnone\u00bb column_border_style=\u00bbsolid\u00bb bg_image_animation=\u00bbnone\u00bb][vc_column_text]<\/p>\n<div class=\"col-12 col-lg-5 text-center md-margin-30px-bottom wow fadeInLeft\"><img loading=\"lazy\" decoding=\"async\" class=\"border-radius-6 w-100 alignleft\" src=\"https:\/\/enterdigitalschool.com.ar\/images\/ilustracion_cursos-branding-tomando-mate.png\" alt=\"Ilustraci\u00f3n Curso Secretos del Storytelling para Marcas\" width=\"266\" height=\"236\" data-no-retina=\"\" \/><\/div>\n<div data-wow-delay=\"0.2s\"><\/div>\n<div class=\"col-12 col-lg-7 padding-eight-lr text-center text-lg-left lg-padding-nine-right md-padding-15px-lr wow fadeInRight\" data-wow-delay=\"0.2s\">\n<p><span style=\"color: #ff0000;\"><strong><span class=\"text-deep-pink alt-font margin-10px-bottom d-inline-block text-medium\">Branding Tomando Mate<\/span><\/strong><\/span><\/p>\n<h6 class=\"alt-font text-dark-gray\">Es una serie de encuentros donde vamos a bajar a la Tierra (s\u00ed, porque siempre pensamos<br \/>\nque este mundo es de grandes publicistas y creativos consagrados. No.) y sin jergas<br \/>\ncomplicadas, de qu\u00e9 hablamos cuando hablamos de branding y marketing.<br \/>\nAhora, s\u00ed la teor\u00eda es divina, la idea es que no quede ah\u00ed, sino que lo podamos aplicar a<br \/>\nnuestras marcas personales, a nuestro trabajo y a nosotros mismos. ESPACIO PUBLICITARIO: pero s\u00ed, funciona el 100% de las veces, pero requiere un sacrificio.<br \/>\nHac\u00e9 click en el bla bla bla\u2026 FIN DE ESPACIO PUBLICITARIO<\/h6>\n<p>En este curso vamos a presentar una serie de nuevos conceptos de marketing, branding y<br \/>\nstorytelling y c\u00f3mo se modificaron durante los \u00faltimos 50 a\u00f1os para llegar a la cultura de la<br \/>\nconexi\u00f3n, dejando atr\u00e1s la cultura del mercado.<br \/>\nDe qu\u00e9 hablamos cuando hablamos de branding, pero con un mate en la mano.<\/p>\n<\/div>\n<p>[\/vc_column_text][\/vc_column][\/vc_row]<\/p>\n<div class=\"sharing-default-minimal post-bottom\"><div class=\"nectar-social default\" data-position=\"\" data-rm-love=\"0\" data-color-override=\"override\"><div class=\"nectar-social-inner\"><a href=\"#\" class=\"nectar-love\" id=\"nectar-love-236\" title=\"Love this\"> <i class=\"icon-salient-heart-2\"><\/i><span class=\"love-text\">Love<\/span><span class=\"total_loves\"><span class=\"nectar-love-count\">0<\/span><\/span><\/a><a class='facebook-share nectar-sharing' href='#' title='Share this'> <i class='fa fa-facebook'><\/i> <span class='social-text'>Share<\/span> <\/a><a class='linkedin-share nectar-sharing' href='#' title='Share this'> <i class='fa fa-linkedin'><\/i> <span class='social-text'>Share<\/span> <\/a><\/div><\/div><\/div>","protected":false},"excerpt":{"rendered":"<div class=\"col-12 col-lg-6 padding-seven-tb padding-eight-lr md-padding-nine-tb md-padding-twelve-lr sm-padding-30px-tb sm-padding-50px-lr text-center position-relative md-height-550px sm-height-450px cover-background wow slideInLeft\" data-wow-duration=\"900ms\">\n<div class=\"pricing-box border rounded border-color-extra-light-gray bg-white\">\n<h3 class=\"bg-purple padding-10px-tb alt-font text-white-2 font-weight-600 text-uppercase rounded-top\"><span style=\"color: #ff0000;\"><strong>PRECIO CURSO ONLINE 2021<\/strong><\/span><\/h3>\n<div class=\"bg-light-gray padding-25px-all\">\n<div><\/div>\n<div class=\"text-extra-small margin-5px-top\">* Precio curso online sin descuento<\/div>\n<\/div>\n<div class=\"padding-20px-all pricing-features md-padding-20px-all sm-padding-30px-all\">\n<p>4 encuentros &#8211; Online en vivo<\/p>\n<p><strong>Lunes de 19 a 20.30 h<\/strong><\/p>\n<p>Comienza el Lunes 7 de Junio 2021<\/p>\n<p>Certificado de Curso Completado<\/p>\n<p>Cupo m\u00ednimo de 6 personas<\/p>\n<p><a class=\"btn btn-small btn-transparent-deep-pink btn-rounded popup-with-zoom-anim margin-10px-top md-margin-5px-top\" href=\"https:\/\/enterdigitalschool.com.ar\/cursos-secretos-storytelling-marcas.html#modal-popup\">REQUISITOS<\/a><\/p>\n<\/div>\n<\/div>\n<\/div>\n<div class=\"col-12 col-lg-6 padding-seven-tb padding-eight-lr md-padding-nine-tb md-padding-twelve-lr sm-padding-30px-tb sm-padding-50px-lr text-center text-lg-left wow slideInRight last-paragraph-no-margin\" data-wow-duration=\"900ms\"><\/div>\n","protected":false},"featured_media":237,"template":"","meta":[],"product_brand":[],"product_cat":[42],"product_tag":[40,29,41],"class_list":{"0":"post-236","1":"product","2":"type-product","3":"status-publish","4":"has-post-thumbnail","6":"product_cat-branding-tomando-mate","7":"product_tag-branding","8":"product_tag-marcas","9":"product_tag-marketing","11":"first","12":"instock","13":"taxable","14":"shipping-taxable","15":"purchasable","16":"product-type-simple"},"_links":{"self":[{"href":"https:\/\/enterdigitalschool.com.ar\/cursos\/wp-json\/wp\/v2\/product\/236","targetHints":{"allow":["GET"]}}],"collection":[{"href":"https:\/\/enterdigitalschool.com.ar\/cursos\/wp-json\/wp\/v2\/product"}],"about":[{"href":"https:\/\/enterdigitalschool.com.ar\/cursos\/wp-json\/wp\/v2\/types\/product"}],"wp:featuredmedia":[{"embeddable":true,"href":"https:\/\/enterdigitalschool.com.ar\/cursos\/wp-json\/wp\/v2\/media\/237"}],"wp:attachment":[{"href":"https:\/\/enterdigitalschool.com.ar\/cursos\/wp-json\/wp\/v2\/media?parent=236"}],"wp:term":[{"taxonomy":"product_brand","embeddable":true,"href":"https:\/\/enterdigitalschool.com.ar\/cursos\/wp-json\/wp\/v2\/product_brand?post=236"},{"taxonomy":"product_cat","embeddable":true,"href":"https:\/\/enterdigitalschool.com.ar\/cursos\/wp-json\/wp\/v2\/product_cat?post=236"},{"taxonomy":"product_tag","embeddable":true,"href":"https:\/\/enterdigitalschool.com.ar\/cursos\/wp-json\/wp\/v2\/product_tag?post=236"}],"curies":[{"name":"wp","href":"https:\/\/api.w.org\/{rel}","templated":true}]}}